{"id":3,"date":"2009-06-11T10:24:37","date_gmt":"2009-06-11T07:24:37","guid":{"rendered":"http:\/\/www.davgita.lt\/wp\/?page_id=3"},"modified":"2024-12-08T14:56:35","modified_gmt":"2024-12-08T11:56:35","slug":"pagrindinis-puslapis","status":"publish","type":"page","link":"https:\/\/www.davgita.lt\/?page_id=3","title":{"rendered":"Interneto paslaugos"},"content":{"rendered":"\t\t<div data-elementor-type=\"wp-post\" data-elementor-id=\"3\" class=\"elementor elementor-3\">\n\t\t\t\t\t\t<section class=\"elementor-section elementor-top-section elementor-element elementor-element-7cb43df9 elementor-section-full_width elementor-section-height-default elementor-section-height-default\" data-id=\"7cb43df9\" data-element_type=\"section\" data-e-type=\"section\" data-settings=\"{&quot;background_background&quot;:&quot;classic&quot;}\">\n\t\t\t\t\t\t\t<div class=\"elementor-background-overlay\"><\/div>\n\t\t\t\t\t\t\t<div class=\"elementor-container elementor-column-gap-default\">\n\t\t\t\t\t<div class=\"elementor-column elementor-col-100 elementor-top-column elementor-element elementor-element-60b3c38d\" data-id=\"60b3c38d\" data-element_type=\"column\" data-e-type=\"column\">\n\t\t\t<div class=\"elementor-widget-wrap elementor-element-populated\">\n\t\t\t\t\t\t<div class=\"elementor-element elementor-element-3d9e187 animated-slow elementor-invisible elementor-widget elementor-widget-heading\" data-id=\"3d9e187\" data-element_type=\"widget\" data-e-type=\"widget\" data-settings=\"{&quot;_animation&quot;:&quot;fadeIn&quot;,&quot;_animation_delay&quot;:400}\" data-widget_type=\"heading.default\">\n\t\t\t\t<div class=\"elementor-widget-container\">\n\t\t\t\t\t<h1 class=\"elementor-heading-title elementor-size-default\">Interneto paslaugos<\/h1>\t\t\t\t<\/div>\n\t\t\t\t<\/div>\n\t\t\t\t<section class=\"elementor-section elementor-inner-section elementor-element elementor-element-33e8ab91 elementor-section-boxed elementor-section-height-default elementor-section-height-default elementor-invisible\" data-id=\"33e8ab91\" data-element_type=\"section\" data-e-type=\"section\" data-settings=\"{&quot;animation&quot;:&quot;fadeInDown&quot;}\">\n\t\t\t\t\t\t<div class=\"elementor-container elementor-column-gap-default\">\n\t\t\t\t\t<div class=\"elementor-column elementor-col-33 elementor-inner-column elementor-element elementor-element-402a4133\" data-id=\"402a4133\" data-element_type=\"column\" data-e-type=\"column\" data-settings=\"{&quot;background_background&quot;:&quot;classic&quot;}\">\n\t\t\t<div class=\"elementor-widget-wrap elementor-element-populated\">\n\t\t\t\t\t\t<div class=\"elementor-element elementor-element-46400baa elementor-widget elementor-widget-heading\" data-id=\"46400baa\" data-element_type=\"widget\" data-e-type=\"widget\" data-widget_type=\"heading.default\">\n\t\t\t\t<div class=\"elementor-widget-container\">\n\t\t\t\t\t<h2 class=\"elementor-heading-title elementor-size-default\">Interneto u\u017esakymas<\/h2>\t\t\t\t<\/div>\n\t\t\t\t<\/div>\n\t\t\t\t<div class=\"elementor-element elementor-element-d10169f elementor-align-center elementor-widget elementor-widget-button\" data-id=\"d10169f\" data-element_type=\"widget\" data-e-type=\"widget\" data-widget_type=\"button.default\">\n\t\t\t\t<div class=\"elementor-widget-container\">\n\t\t\t\t\t\t\t\t\t<div class=\"elementor-button-wrapper\">\n\t\t\t\t\t<a class=\"elementor-button elementor-button-link elementor-size-sm\" href=\"https:\/\/www.davgita.lt\/?page_id=602\">\n\t\t\t\t\t\t<span class=\"elementor-button-content-wrapper\">\n\t\t\t\t\t\t<span class=\"elementor-button-icon\">\n\t\t\t\t<i aria-hidden=\"true\" class=\"fas fa-angle-down\"><\/i>\t\t\t<\/span>\n\t\t\t\t\t\t\t\t\t<span class=\"elementor-button-text\">U\u017esakyti<\/span>\n\t\t\t\t\t<\/span>\n\t\t\t\t\t<\/a>\n\t\t\t\t<\/div>\n\t\t\t\t\t\t\t\t<\/div>\n\t\t\t\t<\/div>\n\t\t\t\t\t<\/div>\n\t\t<\/div>\n\t\t\t\t<div class=\"elementor-column elementor-col-33 elementor-inner-column elementor-element elementor-element-75332c7c\" data-id=\"75332c7c\" data-element_type=\"column\" data-e-type=\"column\" data-settings=\"{&quot;background_background&quot;:&quot;classic&quot;}\">\n\t\t\t<div class=\"elementor-widget-wrap elementor-element-populated\">\n\t\t\t\t\t\t<div class=\"elementor-element elementor-element-6f76bf6b elementor-widget elementor-widget-heading\" data-id=\"6f76bf6b\" data-element_type=\"widget\" data-e-type=\"widget\" data-widget_type=\"heading.default\">\n\t\t\t\t<div class=\"elementor-widget-container\">\n\t\t\t\t\t<h2 class=\"elementor-heading-title elementor-size-default\">Sutarties pristabdymas<\/h2>\t\t\t\t<\/div>\n\t\t\t\t<\/div>\n\t\t\t\t<div class=\"elementor-element elementor-element-433a9cb8 elementor-align-center elementor-widget elementor-widget-button\" data-id=\"433a9cb8\" data-element_type=\"widget\" data-e-type=\"widget\" data-widget_type=\"button.default\">\n\t\t\t\t<div class=\"elementor-widget-container\">\n\t\t\t\t\t\t\t\t\t<div class=\"elementor-button-wrapper\">\n\t\t\t\t\t<a class=\"elementor-button elementor-button-link elementor-size-sm\" href=\"https:\/\/www.davgita.lt\/?page_id=596\">\n\t\t\t\t\t\t<span class=\"elementor-button-content-wrapper\">\n\t\t\t\t\t\t<span class=\"elementor-button-icon\">\n\t\t\t\t<i aria-hidden=\"true\" class=\"fas fa-angle-down\"><\/i>\t\t\t<\/span>\n\t\t\t\t\t\t\t\t\t<span class=\"elementor-button-text\">U\u017esisakyti<\/span>\n\t\t\t\t\t<\/span>\n\t\t\t\t\t<\/a>\n\t\t\t\t<\/div>\n\t\t\t\t\t\t\t\t<\/div>\n\t\t\t\t<\/div>\n\t\t\t\t\t<\/div>\n\t\t<\/div>\n\t\t\t\t<div class=\"elementor-column elementor-col-33 elementor-inner-column elementor-element elementor-element-d57596f\" data-id=\"d57596f\" data-element_type=\"column\" data-e-type=\"column\" data-settings=\"{&quot;background_background&quot;:&quot;classic&quot;}\">\n\t\t\t<div class=\"elementor-widget-wrap elementor-element-populated\">\n\t\t\t\t\t\t<div class=\"elementor-element elementor-element-ef6b1ba elementor-widget elementor-widget-heading\" data-id=\"ef6b1ba\" data-element_type=\"widget\" data-e-type=\"widget\" data-widget_type=\"heading.default\">\n\t\t\t\t<div class=\"elementor-widget-container\">\n\t\t\t\t\t<h2 class=\"elementor-heading-title elementor-size-default\">Sutarties nutraukimas<\/h2>\t\t\t\t<\/div>\n\t\t\t\t<\/div>\n\t\t\t\t<div class=\"elementor-element elementor-element-9756850 elementor-align-center elementor-widget elementor-widget-button\" data-id=\"9756850\" data-element_type=\"widget\" data-e-type=\"widget\" data-widget_type=\"button.default\">\n\t\t\t\t<div class=\"elementor-widget-container\">\n\t\t\t\t\t\t\t\t\t<div class=\"elementor-button-wrapper\">\n\t\t\t\t\t<a class=\"elementor-button elementor-button-link elementor-size-sm\" href=\"https:\/\/www.davgita.lt\/?page_id=599\">\n\t\t\t\t\t\t<span class=\"elementor-button-content-wrapper\">\n\t\t\t\t\t\t<span class=\"elementor-button-icon\">\n\t\t\t\t<i aria-hidden=\"true\" class=\"fas fa-angle-down\"><\/i>\t\t\t<\/span>\n\t\t\t\t\t\t\t\t\t<span class=\"elementor-button-text\">U\u017esisakyti<\/span>\n\t\t\t\t\t<\/span>\n\t\t\t\t\t<\/a>\n\t\t\t\t<\/div>\n\t\t\t\t\t\t\t\t<\/div>\n\t\t\t\t<\/div>\n\t\t\t\t\t<\/div>\n\t\t<\/div>\n\t\t\t\t\t<\/div>\n\t\t<\/section>\n\t\t\t\t\t<\/div>\n\t\t<\/div>\n\t\t\t\t\t<\/div>\n\t\t<\/section>\n\t\t\t\t<section class=\"elementor-section elementor-top-section elementor-element elementor-element-19f3b9ee elementor-section-boxed elementor-section-height-default elementor-section-height-default\" data-id=\"19f3b9ee\" data-element_type=\"section\" data-e-type=\"section\" data-settings=\"{&quot;background_background&quot;:&quot;classic&quot;}\">\n\t\t\t\t\t\t<div class=\"elementor-container elementor-column-gap-default\">\n\t\t\t\t\t<div class=\"elementor-column elementor-col-100 elementor-top-column elementor-element elementor-element-2e2679b2\" data-id=\"2e2679b2\" data-element_type=\"column\" data-e-type=\"column\" data-settings=\"{&quot;background_background&quot;:&quot;classic&quot;}\">\n\t\t\t<div class=\"elementor-widget-wrap elementor-element-populated\">\n\t\t\t\t\t\t<div class=\"elementor-element elementor-element-2d3ed9b elementor-invisible elementor-widget elementor-widget-heading\" data-id=\"2d3ed9b\" data-element_type=\"widget\" data-e-type=\"widget\" data-settings=\"{&quot;_animation&quot;:&quot;fadeIn&quot;}\" data-widget_type=\"heading.default\">\n\t\t\t\t<div class=\"elementor-widget-container\">\n\t\t\t\t\t<h1 class=\"elementor-heading-title elementor-size-default\">Interneto paslaug\u0173 kainos<\/h1>\t\t\t\t<\/div>\n\t\t\t\t<\/div>\n\t\t\t\t<section class=\"elementor-section elementor-inner-section elementor-element elementor-element-61f9b6a elementor-section-boxed elementor-section-height-default elementor-section-height-default\" data-id=\"61f9b6a\" data-element_type=\"section\" data-e-type=\"section\">\n\t\t\t\t\t\t<div class=\"elementor-container elementor-column-gap-default\">\n\t\t\t\t\t<div class=\"elementor-column elementor-col-100 elementor-inner-column elementor-element elementor-element-3ed0115\" data-id=\"3ed0115\" data-element_type=\"column\" data-e-type=\"column\">\n\t\t\t<div class=\"elementor-widget-wrap elementor-element-populated\">\n\t\t\t\t\t\t<div class=\"elementor-element elementor-element-9015953 elementor-widget elementor-widget-text-editor\" data-id=\"9015953\" data-element_type=\"widget\" data-e-type=\"widget\" data-widget_type=\"text-editor.default\">\n\t\t\t\t<div class=\"elementor-widget-container\">\n\t\t\t\t\t\t\t\t\t<p><b>Internetas gyventojams:<br \/>\u012erengimas 30,00\u20ac<\/b><\/p><table style=\"height: 86px;\" border=\"1\" width=\"268\" cellspacing=\"0\"><tbody><tr><td valign=\"top\" width=\"10%\">Planas<\/td><td valign=\"top\" width=\"10%\">Siuntimo\/Pri\u0117mimo<\/td><td valign=\"top\" width=\"172\">Abonentinis mokestis<\/td><\/tr><tr><td valign=\"top\" width=\"30.1%\">1N<\/td><td valign=\"top\" width=\"31.9%\">30\/mb<\/td><td valign=\"top\" width=\"172\">10,00\u20ac<\/td><\/tr><tr><td valign=\"top\" width=\"30.1%\">2N<\/td><td valign=\"top\" width=\"31.9%\">neriboti\/mb<\/td><td valign=\"top\" width=\"172\">15,00\u20ac<\/td><\/tr><\/tbody><\/table><div><p><b><br \/>Bevielis internetas gyventojams:<br \/>\u012erengimas 40,00 &#8211; 70,00\u20ac<br \/><\/b><\/p><table border=\"1\" width=\"454\" cellspacing=\"0\"><tbody><tr><td valign=\"top\" width=\"30.1%\">Planas<\/td><td valign=\"top\" width=\"31.9%\">Siuntimo\/Pri\u0117mimo<\/td><td valign=\"top\" width=\"172\">Abonentinis mokestis<\/td><\/tr><tr><td valign=\"top\" width=\"30.1%\">1W*<\/td><td valign=\"top\" width=\"31.9%\">30\/mb<\/td><td valign=\"top\" width=\"172\">10,00\u20ac<\/td><\/tr><tr><td valign=\"top\" width=\"30.1%\">2W<\/td><td valign=\"top\" width=\"31.9%\">neriboti\/mb<\/td><td valign=\"top\" width=\"172\">15,00\u20ac<\/td><\/tr><\/tbody><\/table><\/div><div><p><b> Bevielis internetas \u012fmon\u0117ms:<br \/>\u012erengimas 70,00\u20ac<br \/><\/b><\/p><table border=\"1\" width=\"454\" cellspacing=\"0\"><tbody><tr><td valign=\"top\" width=\"30.1%\">Planas<\/td><td valign=\"top\" width=\"31.9%\">Siuntimo\/Pri\u0117mimo<\/td><td valign=\"top\" width=\"172\">Abonentinis mokestis<\/td><\/tr><tr><td valign=\"top\" width=\"30.1%\">1F<\/td><td valign=\"top\" width=\"31.9%\">30\/mb<\/td><td valign=\"top\" width=\"172\">21,00\u20ac<\/td><\/tr><tr><td valign=\"top\" width=\"30.1%\">2F<\/td><td valign=\"top\" width=\"31.9%\">neriboti\/mb<\/td><td valign=\"top\" width=\"172\">29,00\u20ac<\/td><\/tr><\/tbody><\/table><\/div><p>* Interneto anten\u0105 perka klientas (50-200\u20ac).<\/p><p>Interneto prieigos paslaug\u0173 sutarties pavyzd\u012f galite rasti <a href=\"https:\/\/www.davgita.lt\/wp-content\/uploads\/2020\/08\/Interneto-prieigos-paslaug\u0173-sutartis-xx.doc\">\u010dia<\/a>.<\/p><p>Interneto tiekimo taisykles studentams galite rasti <a href=\"https:\/\/www.davgita.lt\/wp-content\/uploads\/2020\/08\/Interneto-tiekimo-taisykl\u0117s-studentams.doc\">\u010dia<\/a>.<\/p><div>Interneto prieigos paslaug\u0173 kokyb\u0117s parametr\u0173 vertinimo ataskait\u0105 galite rasti <a href=\"https:\/\/www.davgita.lt\/wp-content\/uploads\/2023\/07\/Interneto-prieigos-paslaugu-kokybes-parametru-vertinimo-ataskaita.docx.pdf\" target=\"_blank\" rel=\"noopener\">\u010dia<\/a>.<\/div>\t\t\t\t\t\t\t\t<\/div>\n\t\t\t\t<\/div>\n\t\t\t\t\t<\/div>\n\t\t<\/div>\n\t\t\t\t\t<\/div>\n\t\t<\/section>\n\t\t\t\t\t<\/div>\n\t\t<\/div>\n\t\t\t\t\t<\/div>\n\t\t<\/section>\n\t\t\t\t<section class=\"elementor-section elementor-top-section elementor-element elementor-element-7ca68915 elementor-section-boxed elementor-section-height-default elementor-section-height-default\" data-id=\"7ca68915\" data-element_type=\"section\" data-e-type=\"section\" data-settings=\"{&quot;background_background&quot;:&quot;classic&quot;}\">\n\t\t\t\t\t\t<div class=\"elementor-container elementor-column-gap-wider\">\n\t\t\t\t\t<div class=\"elementor-column elementor-col-33 elementor-top-column elementor-element elementor-element-7c776f4d\" data-id=\"7c776f4d\" data-element_type=\"column\" data-e-type=\"column\">\n\t\t\t<div class=\"elementor-widget-wrap elementor-element-populated\">\n\t\t\t\t\t\t<section class=\"elementor-section elementor-inner-section elementor-element elementor-element-1697fa67 elementor-section-boxed elementor-section-height-default elementor-section-height-default\" data-id=\"1697fa67\" data-element_type=\"section\" data-e-type=\"section\">\n\t\t\t\t\t\t<div class=\"elementor-container elementor-column-gap-default\">\n\t\t\t\t\t<div class=\"elementor-column elementor-col-50 elementor-inner-column elementor-element elementor-element-364ff0ef\" data-id=\"364ff0ef\" data-element_type=\"column\" data-e-type=\"column\">\n\t\t\t<div class=\"elementor-widget-wrap elementor-element-populated\">\n\t\t\t\t\t\t<div class=\"elementor-element elementor-element-7de7122b elementor-widget elementor-widget-image\" data-id=\"7de7122b\" data-element_type=\"widget\" data-e-type=\"widget\" data-widget_type=\"image.default\">\n\t\t\t\t<div class=\"elementor-widget-container\">\n\t\t\t\t\t\t\t\t\t\t\t\t\t\t\t<img decoding=\"async\" width=\"32\" height=\"32\" src=\"https:\/\/www.davgita.lt\/wp-content\/uploads\/2018\/06\/placeholder-3.png\" class=\"attachment-large size-large wp-image-796\" alt=\"\" \/>\t\t\t\t\t\t\t\t\t\t\t\t\t\t\t<\/div>\n\t\t\t\t<\/div>\n\t\t\t\t\t<\/div>\n\t\t<\/div>\n\t\t\t\t<div class=\"elementor-column elementor-col-50 elementor-inner-column elementor-element elementor-element-2a5a9c89\" data-id=\"2a5a9c89\" data-element_type=\"column\" data-e-type=\"column\">\n\t\t\t<div class=\"elementor-widget-wrap elementor-element-populated\">\n\t\t\t\t\t\t<div class=\"elementor-element elementor-element-36be8db5 elementor-widget elementor-widget-heading\" data-id=\"36be8db5\" data-element_type=\"widget\" data-e-type=\"widget\" data-widget_type=\"heading.default\">\n\t\t\t\t<div class=\"elementor-widget-container\">\n\t\t\t\t\t<h6 class=\"elementor-heading-title elementor-size-default\">\nDainiaus Kamarausko \u012fmon\u0117 \u201eDAVGITA\u201c<\/h6>\t\t\t\t<\/div>\n\t\t\t\t<\/div>\n\t\t\t\t\t<\/div>\n\t\t<\/div>\n\t\t\t\t\t<\/div>\n\t\t<\/section>\n\t\t\t\t\t<\/div>\n\t\t<\/div>\n\t\t\t\t<div class=\"elementor-column elementor-col-33 elementor-top-column elementor-element elementor-element-63cbc3d\" data-id=\"63cbc3d\" data-element_type=\"column\" data-e-type=\"column\">\n\t\t\t<div class=\"elementor-widget-wrap elementor-element-populated\">\n\t\t\t\t\t\t<section class=\"elementor-section elementor-inner-section elementor-element elementor-element-41ca8aa8 elementor-section-boxed elementor-section-height-default elementor-section-height-default\" data-id=\"41ca8aa8\" data-element_type=\"section\" data-e-type=\"section\">\n\t\t\t\t\t\t<div class=\"elementor-container elementor-column-gap-default\">\n\t\t\t\t\t<div class=\"elementor-column elementor-col-50 elementor-inner-column elementor-element elementor-element-5689f96d\" data-id=\"5689f96d\" data-element_type=\"column\" data-e-type=\"column\">\n\t\t\t<div class=\"elementor-widget-wrap elementor-element-populated\">\n\t\t\t\t\t\t<div class=\"elementor-element elementor-element-42b94a96 elementor-widget elementor-widget-image\" data-id=\"42b94a96\" data-element_type=\"widget\" data-e-type=\"widget\" data-widget_type=\"image.default\">\n\t\t\t\t<div class=\"elementor-widget-container\">\n\t\t\t\t\t\t\t\t\t\t\t\t\t\t\t<img decoding=\"async\" width=\"32\" height=\"32\" src=\"https:\/\/www.davgita.lt\/wp-content\/uploads\/2018\/06\/call.png\" class=\"attachment-large size-large wp-image-797\" alt=\"\" \/>\t\t\t\t\t\t\t\t\t\t\t\t\t\t\t<\/div>\n\t\t\t\t<\/div>\n\t\t\t\t\t<\/div>\n\t\t<\/div>\n\t\t\t\t<div class=\"elementor-column elementor-col-50 elementor-inner-column elementor-element elementor-element-5b435881\" data-id=\"5b435881\" data-element_type=\"column\" data-e-type=\"column\">\n\t\t\t<div class=\"elementor-widget-wrap elementor-element-populated\">\n\t\t\t\t\t\t<div class=\"elementor-element elementor-element-75937925 elementor-widget elementor-widget-heading\" data-id=\"75937925\" data-element_type=\"widget\" data-e-type=\"widget\" data-widget_type=\"heading.default\">\n\t\t\t\t<div class=\"elementor-widget-container\">\n\t\t\t\t\t<h6 class=\"elementor-heading-title elementor-size-default\">\nMob. telefonas\n+370 659 60123\u200b<\/h6>\t\t\t\t<\/div>\n\t\t\t\t<\/div>\n\t\t\t\t\t<\/div>\n\t\t<\/div>\n\t\t\t\t\t<\/div>\n\t\t<\/section>\n\t\t\t\t\t<\/div>\n\t\t<\/div>\n\t\t\t\t<div class=\"elementor-column elementor-col-33 elementor-top-column elementor-element elementor-element-39897067\" data-id=\"39897067\" data-element_type=\"column\" data-e-type=\"column\">\n\t\t\t<div class=\"elementor-widget-wrap elementor-element-populated\">\n\t\t\t\t\t\t<section class=\"elementor-section elementor-inner-section elementor-element elementor-element-511fb11f elementor-section-boxed elementor-section-height-default elementor-section-height-default\" data-id=\"511fb11f\" data-element_type=\"section\" data-e-type=\"section\">\n\t\t\t\t\t\t<div class=\"elementor-container elementor-column-gap-default\">\n\t\t\t\t\t<div class=\"elementor-column elementor-col-50 elementor-inner-column elementor-element elementor-element-440f9a7f\" data-id=\"440f9a7f\" data-element_type=\"column\" data-e-type=\"column\">\n\t\t\t<div class=\"elementor-widget-wrap elementor-element-populated\">\n\t\t\t\t\t\t<div class=\"elementor-element elementor-element-46efbdff elementor-widget elementor-widget-image\" data-id=\"46efbdff\" data-element_type=\"widget\" data-e-type=\"widget\" data-widget_type=\"image.default\">\n\t\t\t\t<div class=\"elementor-widget-container\">\n\t\t\t\t\t\t\t\t\t\t\t\t\t\t\t<img decoding=\"async\" width=\"32\" height=\"32\" src=\"https:\/\/www.davgita.lt\/wp-content\/uploads\/2018\/06\/mail.png\" class=\"attachment-large size-large wp-image-798\" alt=\"\" \/>\t\t\t\t\t\t\t\t\t\t\t\t\t\t\t<\/div>\n\t\t\t\t<\/div>\n\t\t\t\t\t<\/div>\n\t\t<\/div>\n\t\t\t\t<div class=\"elementor-column elementor-col-50 elementor-inner-column elementor-element elementor-element-d2fc9aa\" data-id=\"d2fc9aa\" data-element_type=\"column\" data-e-type=\"column\">\n\t\t\t<div class=\"elementor-widget-wrap elementor-element-populated\">\n\t\t\t\t\t\t<div class=\"elementor-element elementor-element-795f2f33 elementor-widget elementor-widget-heading\" data-id=\"795f2f33\" data-element_type=\"widget\" data-e-type=\"widget\" data-widget_type=\"heading.default\">\n\t\t\t\t<div class=\"elementor-widget-container\">\n\t\t\t\t\t<h6 class=\"elementor-heading-title elementor-size-default\">El. pa\u0161tas\n             \ninfo@davgita.lt\u200b<\/h6>\t\t\t\t<\/div>\n\t\t\t\t<\/div>\n\t\t\t\t\t<\/div>\n\t\t<\/div>\n\t\t\t\t\t<\/div>\n\t\t<\/section>\n\t\t\t\t\t<\/div>\n\t\t<\/div>\n\t\t\t\t\t<\/div>\n\t\t<\/section>\n\t\t\t\t<\/div>\n\t\t","protected":false},"excerpt":{"rendered":"<p>Interneto paslaugos Interneto u\u017esakymas U\u017esakyti Sutarties pristabdymas U\u017esisakyti Sutarties nutraukimas U\u017esisakyti Interneto paslaug\u0173 kainos Internetas gyventojams:\u012erengimas 30,00\u20ac Planas Siuntimo\/Pri\u0117mimo Abonentinis mokestis 1N 30\/mb 10,00\u20ac 2N neriboti\/mb 15,00\u20ac Bevielis internetas gyventojams:\u012erengimas 40,00 &#8211; 70,00\u20ac Planas Siuntimo\/Pri\u0117mimo Abonentinis mokestis 1W* 30\/mb 10,00\u20ac 2W neriboti\/mb 15,00\u20ac Bevielis internetas \u012fmon\u0117ms:\u012erengimas 70,00\u20ac Planas Siuntimo\/Pri\u0117mimo Abonentinis mokestis 1F 30\/mb 21,00\u20ac 2F [&hellip;]<\/p>\n","protected":false},"author":1,"featured_media":0,"parent":0,"menu_order":0,"comment_status":"closed","ping_status":"closed","template":"","meta":{"footnotes":""},"class_list":["post-3","page","type-page","status-publish","hentry","wpbf-post"],"aioseo_notices":[],"_links":{"self":[{"href":"https:\/\/www.davgita.lt\/index.php?rest_route=\/wp\/v2\/pages\/3","targetHints":{"allow":["GET"]}}],"collection":[{"href":"https:\/\/www.davgita.lt\/index.php?rest_route=\/wp\/v2\/pages"}],"about":[{"href":"https:\/\/www.davgita.lt\/index.php?rest_route=\/wp\/v2\/types\/page"}],"author":[{"embeddable":true,"href":"https:\/\/www.davgita.lt\/index.php?rest_route=\/wp\/v2\/users\/1"}],"replies":[{"embeddable":true,"href":"https:\/\/www.davgita.lt\/index.php?rest_route=%2Fwp%2Fv2%2Fcomments&post=3"}],"version-history":[{"count":180,"href":"https:\/\/www.davgita.lt\/index.php?rest_route=\/wp\/v2\/pages\/3\/revisions"}],"predecessor-version":[{"id":1433,"href":"https:\/\/www.davgita.lt\/index.php?rest_route=\/wp\/v2\/pages\/3\/revisions\/1433"}],"wp:attachment":[{"href":"https:\/\/www.davgita.lt\/index.php?rest_route=%2Fwp%2Fv2%2Fmedia&parent=3"}],"curies":[{"name":"wp","href":"https:\/\/api.w.org\/{rel}","templated":true}]}}