{"id":15,"date":"2009-06-11T10:42:31","date_gmt":"2009-06-11T07:42:31","guid":{"rendered":"http:\/\/www.davgita.lt\/wp\/?page_id=15"},"modified":"2024-03-23T18:32:53","modified_gmt":"2024-03-23T15:32:53","slug":"svetainiu-palaikymas","status":"publish","type":"page","link":"https:\/\/www.davgita.lt\/?page_id=15","title":{"rendered":"Internetini\u0173 svetaini\u0173 palaikymas"},"content":{"rendered":"\t\t<div data-elementor-type=\"wp-post\" data-elementor-id=\"15\" class=\"elementor elementor-15\">\n\t\t\t\t\t\t<section class=\"elementor-section elementor-top-section elementor-element elementor-element-1b97e13a elementor-section-height-min-height elementor-section-boxed elementor-section-height-default elementor-section-items-middle\" data-id=\"1b97e13a\" data-element_type=\"section\" data-e-type=\"section\" data-settings=\"{&quot;background_background&quot;:&quot;classic&quot;}\">\n\t\t\t\t\t\t\t<div class=\"elementor-background-overlay\"><\/div>\n\t\t\t\t\t\t\t<div class=\"elementor-container elementor-column-gap-default\">\n\t\t\t\t\t<div class=\"elementor-column elementor-col-100 elementor-top-column elementor-element elementor-element-76213e8e\" data-id=\"76213e8e\" data-element_type=\"column\" data-e-type=\"column\">\n\t\t\t<div class=\"elementor-widget-wrap elementor-element-populated\">\n\t\t\t\t\t\t<div class=\"elementor-element elementor-element-27d61fda elementor-invisible elementor-widget elementor-widget-heading\" data-id=\"27d61fda\" data-element_type=\"widget\" data-e-type=\"widget\" data-settings=\"{&quot;_animation&quot;:&quot;fadeIn&quot;}\" data-widget_type=\"heading.default\">\n\t\t\t\t<div class=\"elementor-widget-container\">\n\t\t\t\t\t<h2 class=\"elementor-heading-title elementor-size-default\">Internetini\u0173 svetaini\u0173 palaikymo kainos<\/h2>\t\t\t\t<\/div>\n\t\t\t\t<\/div>\n\t\t\t\t<div class=\"elementor-element elementor-element-139453c4 elementor-widget elementor-widget-text-editor\" data-id=\"139453c4\" data-element_type=\"widget\" data-e-type=\"widget\" data-widget_type=\"text-editor.default\">\n\t\t\t\t<div class=\"elementor-widget-container\">\n\t\t\t\t\t\t\t\t\t<div>\n<table style=\"color: white; width: 406px; height: 74px;\" border=\"1\" width=\"406\" cellspacing=\"1\" cellpadding=\"1\" align=\"center\">\n<tbody>\n<tr>\n<td style=\"width: 50px;\">\n<p><strong>Planas<\/strong><\/p>\n<\/td>\n<td style=\"width: 110px;\">\n<p><strong>Vieta serveryje<\/strong><\/p>\n<\/td>\n<td style=\"width: 160px;\">\n<p><strong>Duomen\u0173 srautas per m\u0117n.<\/strong><\/p>\n<\/td>\n<td style=\"width: 140px;\">\n<p><strong>Abonentinis mokestis<\/strong><\/p>\n<\/td>\n<\/tr>\n<tr>\n<td>\n<p><strong>1D<\/strong><\/p>\n<\/td>\n<td>\n<p><strong>4GB<\/strong><\/p>\n<\/td>\n<td>\n<p><strong>200GB<\/strong><\/p>\n<\/td>\n<td>\n<p><strong>4,00\u20ac<\/strong><\/p>\n<\/td>\n<\/tr>\n<tr>\n<td>\n<p><strong>2D<\/strong><\/p>\n<\/td>\n<td>\n<p><strong>8GB<\/strong><\/p>\n<\/td>\n<td>\n<p><strong>200GB<\/strong><\/p>\n<\/td>\n<td>\n<p><strong>6,00\u20ac<\/strong><\/p>\n<\/td>\n<\/tr>\n<tr>\n<td>\n<p><strong>3D<\/strong><\/p>\n<\/td>\n<td>\n<p><strong>30GB<\/strong><\/p>\n<\/td>\n<td>\n<p><strong>1000GB<\/strong><\/p>\n<\/td>\n<td>\n<p><strong>10,00\u20ac<\/strong><\/p>\n<\/td>\n<\/tr>\n<\/tbody>\n<\/table>\n<\/div>\t\t\t\t\t\t\t\t<\/div>\n\t\t\t\t<\/div>\n\t\t\t\t\t<\/div>\n\t\t<\/div>\n\t\t\t\t\t<\/div>\n\t\t<\/section>\n\t\t\t\t<section class=\"elementor-section elementor-top-section elementor-element elementor-element-2cba5f31 elementor-section-boxed elementor-section-height-default elementor-section-height-default\" data-id=\"2cba5f31\" data-element_type=\"section\" data-e-type=\"section\" data-settings=\"{&quot;background_background&quot;:&quot;classic&quot;}\">\n\t\t\t\t\t\t<div class=\"elementor-container elementor-column-gap-wider\">\n\t\t\t\t\t<div class=\"elementor-column elementor-col-33 elementor-top-column elementor-element elementor-element-1d71f41e\" data-id=\"1d71f41e\" data-element_type=\"column\" data-e-type=\"column\">\n\t\t\t<div class=\"elementor-widget-wrap elementor-element-populated\">\n\t\t\t\t\t\t<section class=\"elementor-section elementor-inner-section elementor-element elementor-element-1f9c69a7 elementor-section-boxed elementor-section-height-default elementor-section-height-default\" data-id=\"1f9c69a7\" data-element_type=\"section\" data-e-type=\"section\">\n\t\t\t\t\t\t<div class=\"elementor-container elementor-column-gap-default\">\n\t\t\t\t\t<div class=\"elementor-column elementor-col-50 elementor-inner-column elementor-element elementor-element-6a8fbc39\" data-id=\"6a8fbc39\" data-element_type=\"column\" data-e-type=\"column\">\n\t\t\t<div class=\"elementor-widget-wrap elementor-element-populated\">\n\t\t\t\t\t\t<div class=\"elementor-element elementor-element-72245f17 elementor-widget elementor-widget-image\" data-id=\"72245f17\" data-element_type=\"widget\" data-e-type=\"widget\" data-widget_type=\"image.default\">\n\t\t\t\t<div class=\"elementor-widget-container\">\n\t\t\t\t\t\t\t\t\t\t\t\t\t\t\t<img decoding=\"async\" width=\"32\" height=\"32\" src=\"https:\/\/www.davgita.lt\/wp-content\/uploads\/2018\/06\/placeholder-3.png\" class=\"attachment-large size-large wp-image-796\" alt=\"\" \/>\t\t\t\t\t\t\t\t\t\t\t\t\t\t\t<\/div>\n\t\t\t\t<\/div>\n\t\t\t\t\t<\/div>\n\t\t<\/div>\n\t\t\t\t<div class=\"elementor-column elementor-col-50 elementor-inner-column elementor-element elementor-element-63f0417f\" data-id=\"63f0417f\" data-element_type=\"column\" data-e-type=\"column\">\n\t\t\t<div class=\"elementor-widget-wrap elementor-element-populated\">\n\t\t\t\t\t\t<div class=\"elementor-element elementor-element-7f16bc4 elementor-widget elementor-widget-heading\" data-id=\"7f16bc4\" data-element_type=\"widget\" data-e-type=\"widget\" data-widget_type=\"heading.default\">\n\t\t\t\t<div class=\"elementor-widget-container\">\n\t\t\t\t\t<h6 class=\"elementor-heading-title elementor-size-default\">\nDainiaus Kamarausko \u012fmon\u0117 \u201eDAVGITA\u201c<\/h6>\t\t\t\t<\/div>\n\t\t\t\t<\/div>\n\t\t\t\t\t<\/div>\n\t\t<\/div>\n\t\t\t\t\t<\/div>\n\t\t<\/section>\n\t\t\t\t\t<\/div>\n\t\t<\/div>\n\t\t\t\t<div class=\"elementor-column elementor-col-33 elementor-top-column elementor-element elementor-element-6c0e70fb\" data-id=\"6c0e70fb\" data-element_type=\"column\" data-e-type=\"column\">\n\t\t\t<div class=\"elementor-widget-wrap elementor-element-populated\">\n\t\t\t\t\t\t<section class=\"elementor-section elementor-inner-section elementor-element elementor-element-749171fe elementor-section-boxed elementor-section-height-default elementor-section-height-default\" data-id=\"749171fe\" data-element_type=\"section\" data-e-type=\"section\">\n\t\t\t\t\t\t<div class=\"elementor-container elementor-column-gap-default\">\n\t\t\t\t\t<div class=\"elementor-column elementor-col-50 elementor-inner-column elementor-element elementor-element-41bc2411\" data-id=\"41bc2411\" data-element_type=\"column\" data-e-type=\"column\">\n\t\t\t<div class=\"elementor-widget-wrap elementor-element-populated\">\n\t\t\t\t\t\t<div class=\"elementor-element elementor-element-14f550bf elementor-widget elementor-widget-image\" data-id=\"14f550bf\" data-element_type=\"widget\" data-e-type=\"widget\" data-widget_type=\"image.default\">\n\t\t\t\t<div class=\"elementor-widget-container\">\n\t\t\t\t\t\t\t\t\t\t\t\t\t\t\t<img decoding=\"async\" width=\"32\" height=\"32\" src=\"https:\/\/www.davgita.lt\/wp-content\/uploads\/2018\/06\/call.png\" class=\"attachment-large size-large wp-image-797\" alt=\"\" \/>\t\t\t\t\t\t\t\t\t\t\t\t\t\t\t<\/div>\n\t\t\t\t<\/div>\n\t\t\t\t\t<\/div>\n\t\t<\/div>\n\t\t\t\t<div class=\"elementor-column elementor-col-50 elementor-inner-column elementor-element elementor-element-fc65dcc\" data-id=\"fc65dcc\" data-element_type=\"column\" data-e-type=\"column\">\n\t\t\t<div class=\"elementor-widget-wrap elementor-element-populated\">\n\t\t\t\t\t\t<div class=\"elementor-element elementor-element-5866ca39 elementor-widget elementor-widget-heading\" data-id=\"5866ca39\" data-element_type=\"widget\" data-e-type=\"widget\" data-widget_type=\"heading.default\">\n\t\t\t\t<div class=\"elementor-widget-container\">\n\t\t\t\t\t<h6 class=\"elementor-heading-title elementor-size-default\">\nMob. telefonas\n+370 659 60123\u200b<\/h6>\t\t\t\t<\/div>\n\t\t\t\t<\/div>\n\t\t\t\t\t<\/div>\n\t\t<\/div>\n\t\t\t\t\t<\/div>\n\t\t<\/section>\n\t\t\t\t\t<\/div>\n\t\t<\/div>\n\t\t\t\t<div class=\"elementor-column elementor-col-33 elementor-top-column elementor-element elementor-element-13ffc1ad\" data-id=\"13ffc1ad\" data-element_type=\"column\" data-e-type=\"column\">\n\t\t\t<div class=\"elementor-widget-wrap elementor-element-populated\">\n\t\t\t\t\t\t<section class=\"elementor-section elementor-inner-section elementor-element elementor-element-5405e19d elementor-section-boxed elementor-section-height-default elementor-section-height-default\" data-id=\"5405e19d\" data-element_type=\"section\" data-e-type=\"section\">\n\t\t\t\t\t\t<div class=\"elementor-container elementor-column-gap-default\">\n\t\t\t\t\t<div class=\"elementor-column elementor-col-50 elementor-inner-column elementor-element elementor-element-3c729d81\" data-id=\"3c729d81\" data-element_type=\"column\" data-e-type=\"column\">\n\t\t\t<div class=\"elementor-widget-wrap elementor-element-populated\">\n\t\t\t\t\t\t<div class=\"elementor-element elementor-element-35f6cf45 elementor-widget elementor-widget-image\" data-id=\"35f6cf45\" data-element_type=\"widget\" data-e-type=\"widget\" data-widget_type=\"image.default\">\n\t\t\t\t<div class=\"elementor-widget-container\">\n\t\t\t\t\t\t\t\t\t\t\t\t\t\t\t<img decoding=\"async\" width=\"32\" height=\"32\" src=\"https:\/\/www.davgita.lt\/wp-content\/uploads\/2018\/06\/mail.png\" class=\"attachment-large size-large wp-image-798\" alt=\"\" \/>\t\t\t\t\t\t\t\t\t\t\t\t\t\t\t<\/div>\n\t\t\t\t<\/div>\n\t\t\t\t\t<\/div>\n\t\t<\/div>\n\t\t\t\t<div class=\"elementor-column elementor-col-50 elementor-inner-column elementor-element elementor-element-67011df6\" data-id=\"67011df6\" data-element_type=\"column\" data-e-type=\"column\">\n\t\t\t<div class=\"elementor-widget-wrap elementor-element-populated\">\n\t\t\t\t\t\t<div class=\"elementor-element elementor-element-85ba945 elementor-widget elementor-widget-heading\" data-id=\"85ba945\" data-element_type=\"widget\" data-e-type=\"widget\" data-widget_type=\"heading.default\">\n\t\t\t\t<div class=\"elementor-widget-container\">\n\t\t\t\t\t<h6 class=\"elementor-heading-title elementor-size-default\">El. pa\u0161tas\n             \ninfo@davgita.lt\u200b<\/h6>\t\t\t\t<\/div>\n\t\t\t\t<\/div>\n\t\t\t\t\t<\/div>\n\t\t<\/div>\n\t\t\t\t\t<\/div>\n\t\t<\/section>\n\t\t\t\t\t<\/div>\n\t\t<\/div>\n\t\t\t\t\t<\/div>\n\t\t<\/section>\n\t\t\t\t<\/div>\n\t\t","protected":false},"excerpt":{"rendered":"<p>Internetini\u0173 svetaini\u0173 palaikymo kainos Planas Vieta serveryje Duomen\u0173 srautas per m\u0117n. Abonentinis mokestis 1D 4GB 200GB 4,00\u20ac 2D 8GB 200GB 6,00\u20ac 3D 30GB 1000GB 10,00\u20ac Dainiaus Kamarausko \u012fmon\u0117 \u201eDAVGITA\u201c Mob. telefonas +370 659 60123\u200b El. pa\u0161tas info@davgita.lt\u200b<\/p>\n","protected":false},"author":1,"featured_media":0,"parent":0,"menu_order":0,"comment_status":"closed","ping_status":"closed","template":"","meta":{"footnotes":""},"class_list":["post-15","page","type-page","status-publish","hentry","wpbf-post"],"aioseo_notices":[],"_links":{"self":[{"href":"https:\/\/www.davgita.lt\/index.php?rest_route=\/wp\/v2\/pages\/15","targetHints":{"allow":["GET"]}}],"collection":[{"href":"https:\/\/www.davgita.lt\/index.php?rest_route=\/wp\/v2\/pages"}],"about":[{"href":"https:\/\/www.davgita.lt\/index.php?rest_route=\/wp\/v2\/types\/page"}],"author":[{"embeddable":true,"href":"https:\/\/www.davgita.lt\/index.php?rest_route=\/wp\/v2\/users\/1"}],"replies":[{"embeddable":true,"href":"https:\/\/www.davgita.lt\/index.php?rest_route=%2Fwp%2Fv2%2Fcomments&post=15"}],"version-history":[{"count":46,"href":"https:\/\/www.davgita.lt\/index.php?rest_route=\/wp\/v2\/pages\/15\/revisions"}],"predecessor-version":[{"id":1424,"href":"https:\/\/www.davgita.lt\/index.php?rest_route=\/wp\/v2\/pages\/15\/revisions\/1424"}],"wp:attachment":[{"href":"https:\/\/www.davgita.lt\/index.php?rest_route=%2Fwp%2Fv2%2Fmedia&parent=15"}],"curies":[{"name":"wp","href":"https:\/\/api.w.org\/{rel}","templated":true}]}}