{"id":1337,"date":"2019-09-11T09:39:00","date_gmt":"2019-09-11T06:39:00","guid":{"rendered":"http:\/\/www.davgita.lt\/?page_id=1337"},"modified":"2020-08-17T22:13:59","modified_gmt":"2020-08-17T19:13:59","slug":"privatumo-politika","status":"publish","type":"page","link":"https:\/\/www.davgita.lt\/?page_id=1337","title":{"rendered":"Privatumo politika"},"content":{"rendered":"\t\t<div data-elementor-type=\"wp-post\" data-elementor-id=\"1337\" class=\"elementor elementor-1337\">\n\t\t\t\t\t\t<section class=\"elementor-section elementor-top-section elementor-element elementor-element-083a008 elementor-section-boxed elementor-section-height-default elementor-section-height-default\" data-id=\"083a008\" data-element_type=\"section\" data-e-type=\"section\" data-settings=\"{&quot;background_background&quot;:&quot;classic&quot;}\">\n\t\t\t\t\t\t<div class=\"elementor-container elementor-column-gap-default\">\n\t\t\t\t\t<div class=\"elementor-column elementor-col-100 elementor-top-column elementor-element elementor-element-3eba7cb\" data-id=\"3eba7cb\" data-element_type=\"column\" data-e-type=\"column\">\n\t\t\t<div class=\"elementor-widget-wrap elementor-element-populated\">\n\t\t\t\t\t\t<div class=\"elementor-element elementor-element-bbd41d1 elementor-widget elementor-widget-heading\" data-id=\"bbd41d1\" data-element_type=\"widget\" data-e-type=\"widget\" data-widget_type=\"heading.default\">\n\t\t\t\t<div class=\"elementor-widget-container\">\n\t\t\t\t\t<h2 class=\"elementor-heading-title elementor-size-default\">Privatumo politika<\/h2>\t\t\t\t<\/div>\n\t\t\t\t<\/div>\n\t\t\t\t<div class=\"elementor-element elementor-element-cb77c3b elementor-widget elementor-widget-text-editor\" data-id=\"cb77c3b\" data-element_type=\"widget\" data-e-type=\"widget\" data-widget_type=\"text-editor.default\">\n\t\t\t\t<div class=\"elementor-widget-container\">\n\t\t\t\t\t\t\t\t\t<p class=\"MsoNormal\" style=\"text-align: justify;\"><span lang=\"EN-GB\" style=\"font-size: 12.0pt; mso-fareast-font-family: 'Times New Roman';\">Dainiaus Kamarausko \u012fmon\u0117 \u201eDavgita\u201c \u0161ioje Privatumo politikoje nurodo, kokiais tikslais ir kokiais principais vadovaujantis gali b\u016bti renkami, saugomi ir administruojami kliento asmens duomenys, pateikti Dainiaus Kamarausko \u012fmon\u0117 \u201eDavgita\u201c internetin\u0117je svetain\u0117je <\/span><span lang=\"EN-GB\" style=\"font-size: 12.0pt; mso-fareast-font-family: 'Times New Roman'; color: blue;\"><a href=\"https:\/\/www.davgita.lt\"><b><span style=\"color: blue;\">davgita.lt<\/span><\/b><\/a><\/span><b><span lang=\"EN-GB\" style=\"font-size: 12.0pt; mso-fareast-font-family: 'Times New Roman';\">.<\/span><\/b><\/p><p class=\"MsoNormal\" style=\"text-align: justify;\"><span lang=\"EN-GB\" style=\"font-size: 12.0pt; mso-fareast-font-family: 'Times New Roman';\">Klientai, nurod\u0119 savo asmens duomenis interneto u\u017esakymo formose, kurios yra <a href=\"https:\/\/st-technika.lt\/\"><span style=\"color: black;\">davgita.lt<\/span><\/a> skyriuje Interneto u\u017esakymas arba ar juos pateik\u0119 kokiu kitu b\u016bdu, sutinka, kad jie bus renkami, saugomi ir administruojami pagal \u0161ios Dainiaus Kamarausko \u012fmon\u0117s \u201eDavgita\u201c Privatumo politikos s\u0105lygas.<\/span><\/p>\t\t\t\t\t\t\t\t<\/div>\n\t\t\t\t<\/div>\n\t\t\t\t<div class=\"elementor-element elementor-element-f38c97c elementor-widget elementor-widget-toggle\" data-id=\"f38c97c\" data-element_type=\"widget\" data-e-type=\"widget\" data-widget_type=\"toggle.default\">\n\t\t\t\t<div class=\"elementor-widget-container\">\n\t\t\t\t\t\t\t<div class=\"elementor-toggle\">\n\t\t\t\t\t\t\t<div class=\"elementor-toggle-item\">\n\t\t\t\t\t<div id=\"elementor-tab-title-2551\" class=\"elementor-tab-title\" data-tab=\"1\" role=\"button\" aria-controls=\"elementor-tab-content-2551\" aria-expanded=\"false\">\n\t\t\t\t\t\t\t\t\t\t\t\t<span class=\"elementor-toggle-icon elementor-toggle-icon-left\" aria-hidden=\"true\">\n\t\t\t\t\t\t\t\t\t\t\t\t\t\t\t<span class=\"elementor-toggle-icon-closed\"><i class=\"fas fa-caret-right\"><\/i><\/span>\n\t\t\t\t\t\t\t\t<span class=\"elementor-toggle-icon-opened\"><i class=\"elementor-toggle-icon-opened fas fa-caret-up\"><\/i><\/span>\n\t\t\t\t\t\t\t\t\t\t\t\t\t<\/span>\n\t\t\t\t\t\t\t\t\t\t\t\t<a class=\"elementor-toggle-title\" tabindex=\"0\">Koki\u0105 informacij\u0105 mes renkame?<\/a>\n\t\t\t\t\t<\/div>\n\n\t\t\t\t\t<div id=\"elementor-tab-content-2551\" class=\"elementor-tab-content elementor-clearfix\" data-tab=\"1\" role=\"region\" aria-labelledby=\"elementor-tab-title-2551\"><p>Interneto svetain\u0117s priemon\u0117mis \u012fmon\u0117 renka tokius asmens duomenis:<\/p><ul><li>informacij\u0105, kuri\u0105 J\u016bs pateikiate interneto u\u017esakymo formose <a href=\"https:\/\/www.davgita.lt\/?page_id=602\">https:\/\/www.davgita.lt\/?page_id=602<\/a> ir <a href=\"http:\/\/isp.davgita.lt\/reg.php\">http:\/\/isp.davgita.lt\/reg.php<\/a>;<\/li><li>informacij\u0105 apie J\u016bs\u0173 kompiuter\u012f ir apie J\u016bs\u0173 apsilankymus ir naudojim\u0105si \u0161ia svetaine, \u012fskaitant J\u016bs\u0173 IP adres\u0105, prisijungimo prie svetain\u0117s laik\u0105 ir dat\u0105;<\/li><li>bet koki\u0105 kit\u0105 informacij\u0105, kuri\u0105 J\u016bs galite pateikti mums bet kuriuo metu, naudodamiesi m\u016bs\u0173 svetaine, teikiamomis paslaugomis ar su mumis bendraudami.<\/li><\/ul><\/div>\n\t\t\t\t<\/div>\n\t\t\t\t\t\t\t<div class=\"elementor-toggle-item\">\n\t\t\t\t\t<div id=\"elementor-tab-title-2552\" class=\"elementor-tab-title\" data-tab=\"2\" role=\"button\" aria-controls=\"elementor-tab-content-2552\" aria-expanded=\"false\">\n\t\t\t\t\t\t\t\t\t\t\t\t<span class=\"elementor-toggle-icon elementor-toggle-icon-left\" aria-hidden=\"true\">\n\t\t\t\t\t\t\t\t\t\t\t\t\t\t\t<span class=\"elementor-toggle-icon-closed\"><i class=\"fas fa-caret-right\"><\/i><\/span>\n\t\t\t\t\t\t\t\t<span class=\"elementor-toggle-icon-opened\"><i class=\"elementor-toggle-icon-opened fas fa-caret-up\"><\/i><\/span>\n\t\t\t\t\t\t\t\t\t\t\t\t\t<\/span>\n\t\t\t\t\t\t\t\t\t\t\t\t<a class=\"elementor-toggle-title\" tabindex=\"0\">J\u016bs\u0173 asmens duomen\u0173 naudojimas<\/a>\n\t\t\t\t\t<\/div>\n\n\t\t\t\t\t<div id=\"elementor-tab-content-2552\" class=\"elementor-tab-content elementor-clearfix\" data-tab=\"2\" role=\"region\" aria-labelledby=\"elementor-tab-title-2552\"><p>Svetain\u0117s priemon\u0117mis renkami asmens duomenys yra naudojami i\u0161skirtinai tik \u0161iais tikslais:<\/p><ul><li>teikiant pasi\u016blym\u0105;<\/li><li>atnaujinant pasi\u016blym\u0105 ar kei\u010diant jo s\u0105lygas;<\/li><li>prane\u0161ant apie paslaugos teikimo s\u0105lygas, terminus ir kt.;<\/li><li>i\u0161ra\u0161ant s\u0105skaitas;<\/li><li>prane\u0161ant apie pradelstus mok\u0117jimus;<\/li><li>ir kitais, tik su paslaug\u0173 teikimu susijusiais tikslais.<\/li><\/ul><\/div>\n\t\t\t\t<\/div>\n\t\t\t\t\t\t\t<div class=\"elementor-toggle-item\">\n\t\t\t\t\t<div id=\"elementor-tab-title-2553\" class=\"elementor-tab-title\" data-tab=\"3\" role=\"button\" aria-controls=\"elementor-tab-content-2553\" aria-expanded=\"false\">\n\t\t\t\t\t\t\t\t\t\t\t\t<span class=\"elementor-toggle-icon elementor-toggle-icon-left\" aria-hidden=\"true\">\n\t\t\t\t\t\t\t\t\t\t\t\t\t\t\t<span class=\"elementor-toggle-icon-closed\"><i class=\"fas fa-caret-right\"><\/i><\/span>\n\t\t\t\t\t\t\t\t<span class=\"elementor-toggle-icon-opened\"><i class=\"elementor-toggle-icon-opened fas fa-caret-up\"><\/i><\/span>\n\t\t\t\t\t\t\t\t\t\t\t\t\t<\/span>\n\t\t\t\t\t\t\t\t\t\t\t\t<a class=\"elementor-toggle-title\" tabindex=\"0\">Asmens duomen\u0173 saugojimo terminas<\/a>\n\t\t\t\t\t<\/div>\n\n\t\t\t\t\t<div id=\"elementor-tab-content-2553\" class=\"elementor-tab-content elementor-clearfix\" data-tab=\"3\" role=\"region\" aria-labelledby=\"elementor-tab-title-2553\"><p>J\u016bs\u0173 asmens duomenys paslaug\u0173 suteikimo tikslais bus saugomi, kol b\u016bsite paslaug\u0173 vartotojas ir 10 met\u0173 nuo paskutin\u0117s paslaugos suteikimo dienos.<\/p><\/div>\n\t\t\t\t<\/div>\n\t\t\t\t\t\t\t<div class=\"elementor-toggle-item\">\n\t\t\t\t\t<div id=\"elementor-tab-title-2554\" class=\"elementor-tab-title\" data-tab=\"4\" role=\"button\" aria-controls=\"elementor-tab-content-2554\" aria-expanded=\"false\">\n\t\t\t\t\t\t\t\t\t\t\t\t<span class=\"elementor-toggle-icon elementor-toggle-icon-left\" aria-hidden=\"true\">\n\t\t\t\t\t\t\t\t\t\t\t\t\t\t\t<span class=\"elementor-toggle-icon-closed\"><i class=\"fas fa-caret-right\"><\/i><\/span>\n\t\t\t\t\t\t\t\t<span class=\"elementor-toggle-icon-opened\"><i class=\"elementor-toggle-icon-opened fas fa-caret-up\"><\/i><\/span>\n\t\t\t\t\t\t\t\t\t\t\t\t\t<\/span>\n\t\t\t\t\t\t\t\t\t\t\t\t<a class=\"elementor-toggle-title\" tabindex=\"0\">Duomen\u0173 atskleidimas<\/a>\n\t\t\t\t\t<\/div>\n\n\t\t\t\t\t<div id=\"elementor-tab-content-2554\" class=\"elementor-tab-content elementor-clearfix\" data-tab=\"4\" role=\"region\" aria-labelledby=\"elementor-tab-title-2554\"><p>Mes galime atskleisti informacij\u0105 apie Jus m\u016bs\u0173 darbuotojams ar pagalbiniams duomen\u0173 tvarkytojams (subrangovams), jei pagr\u012fstai reikia tiems tikslams, kaip nurodyta \u0161ioje Privatumo politikoje.<\/p><p>Be to, mes galime atskleisti informacij\u0105 apie Jus:<\/p><ul><li>jei mes turime padaryti tai pagal teis\u0117s aktus;<\/li><li>siekiant apginti savo teises ar interesus.<\/li><\/ul><p>Mes neteikiame J\u016bs\u0173 asmens duomen\u0173 jokioms tre\u010diosioms \u0161alims, i\u0161skyrus \u0161ioje politikoje numatytus atvejus.<\/p><\/div>\n\t\t\t\t<\/div>\n\t\t\t\t\t\t\t<div class=\"elementor-toggle-item\">\n\t\t\t\t\t<div id=\"elementor-tab-title-2555\" class=\"elementor-tab-title\" data-tab=\"5\" role=\"button\" aria-controls=\"elementor-tab-content-2555\" aria-expanded=\"false\">\n\t\t\t\t\t\t\t\t\t\t\t\t<span class=\"elementor-toggle-icon elementor-toggle-icon-left\" aria-hidden=\"true\">\n\t\t\t\t\t\t\t\t\t\t\t\t\t\t\t<span class=\"elementor-toggle-icon-closed\"><i class=\"fas fa-caret-right\"><\/i><\/span>\n\t\t\t\t\t\t\t\t<span class=\"elementor-toggle-icon-opened\"><i class=\"elementor-toggle-icon-opened fas fa-caret-up\"><\/i><\/span>\n\t\t\t\t\t\t\t\t\t\t\t\t\t<\/span>\n\t\t\t\t\t\t\t\t\t\t\t\t<a class=\"elementor-toggle-title\" tabindex=\"0\">J\u016bs\u0173 asmens duomen\u0173 saugumas<\/a>\n\t\t\t\t\t<\/div>\n\n\t\t\t\t\t<div id=\"elementor-tab-content-2555\" class=\"elementor-tab-content elementor-clearfix\" data-tab=\"5\" role=\"region\" aria-labelledby=\"elementor-tab-title-2555\"><p>J\u016bs\u0173 asmens duomenys bus tvarkomi laikantis Bendrojo duomen\u0173 apsaugos reglamento, Lietuvos Respublikos asmens duomen\u0173 teisin\u0117s apsaugos \u012fstatymo bei kit\u0173 teis\u0117s akt\u0173 nustatyt\u0173 reikalavim\u0173. Tvarkydami J\u016bs\u0173 asmens duomenis, mes \u012fgyvendiname organizacines ir technines priemones, kurios u\u017etikrina asmens duomen\u0173 apsaug\u0105 nuo atsitiktinio ar neteis\u0117to sunaikinimo, pakeitimo, atskleidimo, taip pat nuo bet kokio kito neteis\u0117to tvarkymo, atsi\u017evelgiant \u012f kylan\u010di\u0105 rizik\u0105.<\/p><\/div>\n\t\t\t\t<\/div>\n\t\t\t\t\t\t\t<div class=\"elementor-toggle-item\">\n\t\t\t\t\t<div id=\"elementor-tab-title-2556\" class=\"elementor-tab-title\" data-tab=\"6\" role=\"button\" aria-controls=\"elementor-tab-content-2556\" aria-expanded=\"false\">\n\t\t\t\t\t\t\t\t\t\t\t\t<span class=\"elementor-toggle-icon elementor-toggle-icon-left\" aria-hidden=\"true\">\n\t\t\t\t\t\t\t\t\t\t\t\t\t\t\t<span class=\"elementor-toggle-icon-closed\"><i class=\"fas fa-caret-right\"><\/i><\/span>\n\t\t\t\t\t\t\t\t<span class=\"elementor-toggle-icon-opened\"><i class=\"elementor-toggle-icon-opened fas fa-caret-up\"><\/i><\/span>\n\t\t\t\t\t\t\t\t\t\t\t\t\t<\/span>\n\t\t\t\t\t\t\t\t\t\t\t\t<a class=\"elementor-toggle-title\" tabindex=\"0\">J\u016bs\u0173 sutikimai ir teis\u0117s<\/a>\n\t\t\t\t\t<\/div>\n\n\t\t\t\t\t<div id=\"elementor-tab-content-2556\" class=\"elementor-tab-content elementor-clearfix\" data-tab=\"6\" role=\"region\" aria-labelledby=\"elementor-tab-title-2556\"><p>Naudodamasis m\u016bs\u0173 svetain\u0117je teikiamomis paslaugomis, J\u016bs patvirtinate, kad susipa\u017einote su \u0161ia politika ir su ja sutinkate bei kartu suteikiate mums teis\u0119 rinkti, kaupti, sisteminti, naudoti ir tvarkyti \u0161ioje politikoje numatytais tikslais visus \u010dia nurodytus asmens duomenis.<\/p><p>J\u016bs galite pateikti mums ra\u0161ytin\u012f pra\u0161ym\u0105 (pa\u0161tu ir elektroniniu pa\u0161tu) suteikti Jums informacij\u0105, i\u0161 koki\u0173 \u0161altini\u0173 ir kokie J\u016bs\u0173 asmens duomenys surinkti, kokiu tikslu jie tvarkomi, kokiems duomen\u0173 gav\u0117jams teikiami. \u012e tokius pra\u0161ymus mes atsakome teis\u0117s akt\u0173 nustatyta tvarka ir terminais ir stengiam\u0117s pateikti Jums informacij\u0105 kiek \u012fmanoma grei\u010diau, bet ne v\u0117liau kaip per 30 dien\u0173 nuo J\u016bs\u0173 pra\u0161ymo gavimo.<\/p><p>J\u016bs\u0173 pra\u0161ymu, tokie duomenys pateikiami ra\u0161tu nurodytu adresu ar elektroninio pa\u0161to adresu. Informacijos apie tai, i\u0161 koki\u0173 \u0161altini\u0173 ir kokie J\u016bs\u0173 asmens duomenys surinkti, kokiu tikslu jie tvarkomi ir kokiems duomen\u0173 gav\u0117jams buvo pateikti per paskutinius vienerius metus, pateikimas yra nemokamas vien\u0105 kart\u0105 per kalendorinius metus.<\/p><p>Jeigu, gavus pra\u0161ym\u0105, mums kilo \u012ftarim\u0173 d\u0117l besikreipian\u010diojo asmens tapatyb\u0117s, mes turime teis\u0119 papra\u0161yti besikreipian\u010diojo asmens tapatyb\u0117s dokumento ar jo kopijos.<\/p><p>J\u016bs taip pat turite teis\u0119, pateik\u0119 mums pra\u0161ym\u0105 elektroniniu pa\u0161tu reikalauti i\u0161taisyti neteisingus, nei\u0161samius, netikslius savo asmens duomenis, reikalauti sustabdyti, i\u0161skyrus saugojim\u0105, savo asmens duomen\u0173 tvarkymo veiksmus, kai duomenys tvarkomi nesilaikant \u012fstatym\u0173 ir \u0161ios politikos s\u0105lyg\u0173.<\/p><p>Konkre\u010diu J\u016bs\u0173 ra\u0161ytiniu pra\u0161ymu, visa J\u016bs\u0173 asmenin\u0117 informacija gali b\u016bti pa\u0161alinta.<\/p><\/div>\n\t\t\t\t<\/div>\n\t\t\t\t\t\t\t<div class=\"elementor-toggle-item\">\n\t\t\t\t\t<div id=\"elementor-tab-title-2557\" class=\"elementor-tab-title\" data-tab=\"7\" role=\"button\" aria-controls=\"elementor-tab-content-2557\" aria-expanded=\"false\">\n\t\t\t\t\t\t\t\t\t\t\t\t<span class=\"elementor-toggle-icon elementor-toggle-icon-left\" aria-hidden=\"true\">\n\t\t\t\t\t\t\t\t\t\t\t\t\t\t\t<span class=\"elementor-toggle-icon-closed\"><i class=\"fas fa-caret-right\"><\/i><\/span>\n\t\t\t\t\t\t\t\t<span class=\"elementor-toggle-icon-opened\"><i class=\"elementor-toggle-icon-opened fas fa-caret-up\"><\/i><\/span>\n\t\t\t\t\t\t\t\t\t\t\t\t\t<\/span>\n\t\t\t\t\t\t\t\t\t\t\t\t<a class=\"elementor-toggle-title\" tabindex=\"0\">Atsakomyb\u0117<\/a>\n\t\t\t\t\t<\/div>\n\n\t\t\t\t\t<div id=\"elementor-tab-content-2557\" class=\"elementor-tab-content elementor-clearfix\" data-tab=\"7\" role=\"region\" aria-labelledby=\"elementor-tab-title-2557\"><p>J\u016bs esate atsakingas, kad J\u016bs\u0173 mums pateikti duomenys b\u016bt\u0173 tiksl\u016bs, teisingi ir i\u0161sam\u016bs. Jeigu pasikei\u010dia J\u016bs\u0173 pateikti duomenys, J\u016bs turite nedelsdamas informuoti mus apie tai elektroniniu pa\u0161tu. Mes jokiu atveju neb\u016bsime atsakingi u\u017e \u017eal\u0105, atsiradusi\u0105 Jums d\u0117l to, jog J\u016bs nurod\u0117te neteisingus ar nei\u0161samius asmens duomenis arba neinformavote m\u016bs\u0173 apie duomen\u0173 pasikeitim\u0105.<\/p><\/div>\n\t\t\t\t<\/div>\n\t\t\t\t\t\t\t<div class=\"elementor-toggle-item\">\n\t\t\t\t\t<div id=\"elementor-tab-title-2558\" class=\"elementor-tab-title\" data-tab=\"8\" role=\"button\" aria-controls=\"elementor-tab-content-2558\" aria-expanded=\"false\">\n\t\t\t\t\t\t\t\t\t\t\t\t<span class=\"elementor-toggle-icon elementor-toggle-icon-left\" aria-hidden=\"true\">\n\t\t\t\t\t\t\t\t\t\t\t\t\t\t\t<span class=\"elementor-toggle-icon-closed\"><i class=\"fas fa-caret-right\"><\/i><\/span>\n\t\t\t\t\t\t\t\t<span class=\"elementor-toggle-icon-opened\"><i class=\"elementor-toggle-icon-opened fas fa-caret-up\"><\/i><\/span>\n\t\t\t\t\t\t\t\t\t\t\t\t\t<\/span>\n\t\t\t\t\t\t\t\t\t\t\t\t<a class=\"elementor-toggle-title\" tabindex=\"0\">Privatumo politikos pakeitimai<\/a>\n\t\t\t\t\t<\/div>\n\n\t\t\t\t\t<div id=\"elementor-tab-content-2558\" class=\"elementor-tab-content elementor-clearfix\" data-tab=\"8\" role=\"region\" aria-labelledby=\"elementor-tab-title-2558\"><p>Mes galime bet kada atnaujinti ar pakeisti \u0161i\u0105 politik\u0105. Tokia atnaujinta ar pakeista politika \u012fsigalios nuo jos paskelbimo m\u016bs\u0173 svetain\u0117je. Jei bus padaryti esminiai politikos pakeitimai, apie tai bus prane\u0161ame svetain\u0117je ir jums prisijungus su savo paskyra prie elektronini\u0173 paslaug\u0173 srities. Nepaisant to, Jums reik\u0117t\u0173 kartais patikrinti \u0161\u012f puslap\u012f ir \u012fsitikinti, kad Jus tenkina aktuali politikos versija.<\/p><\/div>\n\t\t\t\t<\/div>\n\t\t\t\t\t\t\t\t<\/div>\n\t\t\t\t\t\t<\/div>\n\t\t\t\t<\/div>\n\t\t\t\t<div class=\"elementor-element elementor-element-9a92f3e elementor-widget elementor-widget-text-editor\" data-id=\"9a92f3e\" data-element_type=\"widget\" data-e-type=\"widget\" data-widget_type=\"text-editor.default\">\n\t\t\t\t<div class=\"elementor-widget-container\">\n\t\t\t\t\t\t\t\t\t<strong>Kontaktin\u0117 informacija<\/strong>\n\nJei turite bet koki\u0173 klausim\u0173, susijusi\u0173 su \u0161ios Privatumo politikos s\u0105lygomis, maloniai pra\u0161ome su mumis susisiekti, \u017eemiau nurodytais kontaktais:\n\nDainiaus Kamarausko \u012fmon\u0117 \u201eDavgita\u201c <br>\n\nEl. pa\u0161tas: <a href=\"mailto:info@davgita.lt\">info@davgita.lt<\/a> <br>\n\nTel. nr.: <a href=\"tel:865960123\">865960123<\/a>\t\t\t\t\t\t\t\t<\/div>\n\t\t\t\t<\/div>\n\t\t\t\t\t<\/div>\n\t\t<\/div>\n\t\t\t\t\t<\/div>\n\t\t<\/section>\n\t\t\t\t<\/div>\n\t\t","protected":false},"excerpt":{"rendered":"<p>Privatumo politika Dainiaus Kamarausko \u012fmon\u0117 \u201eDavgita\u201c \u0161ioje Privatumo politikoje nurodo, kokiais tikslais ir kokiais principais vadovaujantis gali b\u016bti renkami, saugomi ir administruojami kliento asmens duomenys, pateikti Dainiaus Kamarausko \u012fmon\u0117 \u201eDavgita\u201c internetin\u0117je svetain\u0117je davgita.lt. Klientai, nurod\u0119 savo asmens duomenis interneto u\u017esakymo formose, kurios yra davgita.lt skyriuje Interneto u\u017esakymas arba ar juos pateik\u0119 kokiu kitu b\u016bdu, sutinka, [&hellip;]<\/p>\n","protected":false},"author":1,"featured_media":0,"parent":0,"menu_order":0,"comment_status":"closed","ping_status":"closed","template":"","meta":{"footnotes":""},"class_list":["post-1337","page","type-page","status-publish","hentry","wpbf-post"],"aioseo_notices":[],"_links":{"self":[{"href":"https:\/\/www.davgita.lt\/index.php?rest_route=\/wp\/v2\/pages\/1337","targetHints":{"allow":["GET"]}}],"collection":[{"href":"https:\/\/www.davgita.lt\/index.php?rest_route=\/wp\/v2\/pages"}],"about":[{"href":"https:\/\/www.davgita.lt\/index.php?rest_route=\/wp\/v2\/types\/page"}],"author":[{"embeddable":true,"href":"https:\/\/www.davgita.lt\/index.php?rest_route=\/wp\/v2\/users\/1"}],"replies":[{"embeddable":true,"href":"https:\/\/www.davgita.lt\/index.php?rest_route=%2Fwp%2Fv2%2Fcomments&post=1337"}],"version-history":[{"count":7,"href":"https:\/\/www.davgita.lt\/index.php?rest_route=\/wp\/v2\/pages\/1337\/revisions"}],"predecessor-version":[{"id":1358,"href":"https:\/\/www.davgita.lt\/index.php?rest_route=\/wp\/v2\/pages\/1337\/revisions\/1358"}],"wp:attachment":[{"href":"https:\/\/www.davgita.lt\/index.php?rest_route=%2Fwp%2Fv2%2Fmedia&parent=1337"}],"curies":[{"name":"wp","href":"https:\/\/api.w.org\/{rel}","templated":true}]}}